{"id":1245,"date":"2020-12-20T15:45:37","date_gmt":"2020-12-20T14:45:37","guid":{"rendered":"https:\/\/vidaliferre.com\/botiga\/cava-rosado-brut-reserva\/"},"modified":"2020-12-20T15:45:37","modified_gmt":"2020-12-20T14:45:37","slug":"cava-rosado-brut-reserva","status":"publish","type":"product","link":"https:\/\/vidaliferre.com\/es\/botiga\/cava-rosado-brut-reserva\/","title":{"rendered":"CAVA ROSADO BRUT RESERVA"},"content":{"rendered":"<p><strong>CAVA ROSADO BRUT RESERVA<\/strong><br \/>\nCava rosado monovarietal de Pinot Noir. La combinaci\u00f3n de las propias caracter\u00edsticas de la variedad junto a una lenta fermentaci\u00f3n a baja temperatura y una larga crianza en la oscuridad de nuestras bodegas proporciona un cava diferente, fresco, afrutado, elegante, con finos rosarios.<\/p>\n<p>Varietades: Pinot Noir 100%.<br \/>\nGraduaci\u00f3n: 11,5% vol.<br \/>\nElaboraci\u00f3n y crianza: segunda fermentaci\u00f3n en botella a una temperatura de 16\u00baC. Crianza un m\u00ednimo de 15 meses. Movido manual en pupitres.<br \/>\nCata: de color grosella brillante con rosarios de finas burbujas. Aroma intenso y complejo a frutos rojos. En boca se aprecian los frutos rojos com los ar\u00e1ndanos y las moras. Es fresco, fino, elegante con un carb\u00f3nico bien integrado.<br \/>\nTemperatura de servicio: entre 6 &#8211; 7\u00baC.<\/p>\n","protected":false},"excerpt":{"rendered":"<p>CAVA ROSADO BRUT RESERVA<br \/>\nCava rosado monovarietal de Pinot Noir. La combinaci\u00f3n de las propias caracter\u00edsticas de la variedad junto a una lenta fermentaci\u00f3n a baja temperatura y una larga crianza en la oscuridad de nuestras bodegas proporciona un cava diferente, fresco, afrutado, elegante, con finos rosarios.<\/p>\n","protected":false},"featured_media":1305,"comment_status":"closed","ping_status":"closed","template":"","meta":[],"product_brand":[],"product_cat":[51],"product_tag":[],"class_list":{"0":"post-1245","1":"product","2":"type-product","3":"status-publish","4":"has-post-thumbnail","6":"product_cat-cavas","8":"first","9":"instock","10":"taxable","11":"shipping-taxable","12":"product-type-simple"},"_links":{"self":[{"href":"https:\/\/vidaliferre.com\/es\/wp-json\/wp\/v2\/product\/1245","targetHints":{"allow":["GET"]}}],"collection":[{"href":"https:\/\/vidaliferre.com\/es\/wp-json\/wp\/v2\/product"}],"about":[{"href":"https:\/\/vidaliferre.com\/es\/wp-json\/wp\/v2\/types\/product"}],"replies":[{"embeddable":true,"href":"https:\/\/vidaliferre.com\/es\/wp-json\/wp\/v2\/comments?post=1245"}],"wp:featuredmedia":[{"embeddable":true,"href":"https:\/\/vidaliferre.com\/es\/wp-json\/wp\/v2\/media\/1305"}],"wp:attachment":[{"href":"https:\/\/vidaliferre.com\/es\/wp-json\/wp\/v2\/media?parent=1245"}],"wp:term":[{"taxonomy":"product_brand","embeddable":true,"href":"https:\/\/vidaliferre.com\/es\/wp-json\/wp\/v2\/product_brand?post=1245"},{"taxonomy":"product_cat","embeddable":true,"href":"https:\/\/vidaliferre.com\/es\/wp-json\/wp\/v2\/product_cat?post=1245"},{"taxonomy":"product_tag","embeddable":true,"href":"https:\/\/vidaliferre.com\/es\/wp-json\/wp\/v2\/product_tag?post=1245"}],"curies":[{"name":"wp","href":"https:\/\/api.w.org\/{rel}","templated":true}]}}