{"id":1242,"date":"2020-12-20T15:29:03","date_gmt":"2020-12-20T14:29:03","guid":{"rendered":"https:\/\/vidaliferre.com\/botiga\/cava-brut-nature-reserva\/"},"modified":"2020-12-20T15:29:03","modified_gmt":"2020-12-20T14:29:03","slug":"cava-brut-nature-reserva","status":"publish","type":"product","link":"https:\/\/vidaliferre.com\/es\/botiga\/cava-brut-nature-reserva\/","title":{"rendered":"CAVA BRUT NATURE RESERVA"},"content":{"rendered":"<p><strong>CAVA BRUT NATURE RESERVA<\/strong><br \/>\nPara llegar a la plenitud, para despertar la pasi\u00f3n, ha hecho falta mucho tiempo de maduraci\u00f3n en el silencio y oscuridad de las bodegas. El color ligeramente m\u00e1s dorado, los aromas armoniosos y complejos de flores y frutas maduras, el gusto estructurado y conservando un ligero frescor, dan al Brut Nature Vidal i Ferr\u00e9 una extraordinaria originalidad.<\/p>\n<p>Variedades: Macabeu, Xarel\u00b7lo y Parellada.<br \/>\nGraduaci\u00f3n: 11,5% vol.<br \/>\nElaboraci\u00f3n y crianza: segunda fermentaci\u00f3n en botella a una temperatura de 16\u00baC. Crianza de m\u00ednimo 15 meses. Clarificaci\u00f3n manual en pupitres.<br \/>\nCata: de color paja brillante con finas burbujas. Aroma intenso a fruta fresca, fina y floral. En boca se aprecia la fruta; en olfato es fresco, complejo y conserva una buena acidez.<br \/>\nTemperatura de servicio: entre 6 &#8211; 7\u00baC.<\/p>\n","protected":false},"excerpt":{"rendered":"<p><strong>CAVA BRUT NATURE RESERVA<\/strong><br \/>\nPara llegar a la plenitud, para despertar la pasi\u00f3n, ha hecho falta mucho tiempo de maduraci\u00f3n en el silencio y oscuridad de las bodegas. El color ligeramente m\u00e1s dorado, los aromas armoniosos y complejos de flores y frutas maduras, el gusto estructurado y conservando un ligero frescor, dan al Brut Nature Vidal i Ferr\u00e9 una extraordinaria originalidad.<\/p>\n","protected":false},"featured_media":1074,"comment_status":"closed","ping_status":"closed","template":"","meta":[],"product_brand":[],"product_cat":[51],"product_tag":[],"class_list":{"0":"post-1242","1":"product","2":"type-product","3":"status-publish","4":"has-post-thumbnail","6":"product_cat-cavas","8":"first","9":"instock","10":"taxable","11":"shipping-taxable","12":"product-type-simple"},"_links":{"self":[{"href":"https:\/\/vidaliferre.com\/es\/wp-json\/wp\/v2\/product\/1242","targetHints":{"allow":["GET"]}}],"collection":[{"href":"https:\/\/vidaliferre.com\/es\/wp-json\/wp\/v2\/product"}],"about":[{"href":"https:\/\/vidaliferre.com\/es\/wp-json\/wp\/v2\/types\/product"}],"replies":[{"embeddable":true,"href":"https:\/\/vidaliferre.com\/es\/wp-json\/wp\/v2\/comments?post=1242"}],"wp:featuredmedia":[{"embeddable":true,"href":"https:\/\/vidaliferre.com\/es\/wp-json\/wp\/v2\/media\/1074"}],"wp:attachment":[{"href":"https:\/\/vidaliferre.com\/es\/wp-json\/wp\/v2\/media?parent=1242"}],"wp:term":[{"taxonomy":"product_brand","embeddable":true,"href":"https:\/\/vidaliferre.com\/es\/wp-json\/wp\/v2\/product_brand?post=1242"},{"taxonomy":"product_cat","embeddable":true,"href":"https:\/\/vidaliferre.com\/es\/wp-json\/wp\/v2\/product_cat?post=1242"},{"taxonomy":"product_tag","embeddable":true,"href":"https:\/\/vidaliferre.com\/es\/wp-json\/wp\/v2\/product_tag?post=1242"}],"curies":[{"name":"wp","href":"https:\/\/api.w.org\/{rel}","templated":true}]}}