{"id":1239,"date":"2020-12-20T15:19:10","date_gmt":"2020-12-20T14:19:10","guid":{"rendered":"https:\/\/vidaliferre.com\/botiga\/cava-brut-reserva\/"},"modified":"2020-12-20T15:19:10","modified_gmt":"2020-12-20T14:19:10","slug":"cava-brut-reserva","status":"publish","type":"product","link":"https:\/\/vidaliferre.com\/es\/botiga\/cava-brut-reserva\/","title":{"rendered":"CAVA BRUT RESERVA"},"content":{"rendered":"<p><strong>CAVA BRUT RESERVA<\/strong><br \/>\nEl Brut \u201cVidal i Ferr\u00e9\u201d tiene el estilo de nuestros cavas. Su color es oro-verde brillante. Su estructura es de aut\u00e9ntico cava donde se asocia finura y frescura. El equilibrio en la degustaci\u00f3n entre su esp\u00edritu joven y impertinente con notas florales, las finas y ligeras burbujas y su cuerpo ancho con un sabor vivo, nos hace abrir los sentidos en la b\u00fasqueda de la perfecci\u00f3n en el placer.<\/p>\n<p>Variedades: Macabeu, Xarel\u00b7lo y Parellada.<br \/>\nGraduaci\u00f3n: 11,5% vol.<br \/>\nElaboraci\u00f3n y crianza: segunda fermentaci\u00f3n en botella a una temperatura de 16\u00baC. Crianza de m\u00ednimo 15 meses. Clarificaci\u00f3n manual en pupitres.<br \/>\nCata: de color oro-verde brillante con finas burbujas. Aroma franca, floral y fina. En boca se expresa fruta fresca. Es fresco, saboroso, estructurado y conserva una buena acidez.<br \/>\nTemperatura de servicio: entre 6 &#8211; 7\u00baC.<\/p>\n","protected":false},"excerpt":{"rendered":"<p><strong>CAVA BRUT RESERVA<\/strong><br \/>\nEl Brut \u201cVidal i Ferr\u00e9\u201d tiene el estilo de nuestros cavas. Su color es oro-verde brillante. Su estructura es de aut\u00e9ntico cava donde se asocia finura y frescura. El equilibrio en la degustaci\u00f3n entre su esp\u00edritu joven y impertinente con notas florales, las finas y ligeras burbujas y su cuerpo ancho con un sabor vivo, nos hace abrir los sentidos en la b\u00fasqueda de la perfecci\u00f3n en el placer.<\/p>\n","protected":false},"featured_media":1071,"comment_status":"closed","ping_status":"closed","template":"","meta":[],"product_brand":[],"product_cat":[51],"product_tag":[],"class_list":{"0":"post-1239","1":"product","2":"type-product","3":"status-publish","4":"has-post-thumbnail","6":"product_cat-cavas","8":"first","9":"instock","10":"taxable","11":"shipping-taxable","12":"product-type-simple"},"_links":{"self":[{"href":"https:\/\/vidaliferre.com\/es\/wp-json\/wp\/v2\/product\/1239","targetHints":{"allow":["GET"]}}],"collection":[{"href":"https:\/\/vidaliferre.com\/es\/wp-json\/wp\/v2\/product"}],"about":[{"href":"https:\/\/vidaliferre.com\/es\/wp-json\/wp\/v2\/types\/product"}],"replies":[{"embeddable":true,"href":"https:\/\/vidaliferre.com\/es\/wp-json\/wp\/v2\/comments?post=1239"}],"wp:featuredmedia":[{"embeddable":true,"href":"https:\/\/vidaliferre.com\/es\/wp-json\/wp\/v2\/media\/1071"}],"wp:attachment":[{"href":"https:\/\/vidaliferre.com\/es\/wp-json\/wp\/v2\/media?parent=1239"}],"wp:term":[{"taxonomy":"product_brand","embeddable":true,"href":"https:\/\/vidaliferre.com\/es\/wp-json\/wp\/v2\/product_brand?post=1239"},{"taxonomy":"product_cat","embeddable":true,"href":"https:\/\/vidaliferre.com\/es\/wp-json\/wp\/v2\/product_cat?post=1239"},{"taxonomy":"product_tag","embeddable":true,"href":"https:\/\/vidaliferre.com\/es\/wp-json\/wp\/v2\/product_tag?post=1239"}],"curies":[{"name":"wp","href":"https:\/\/api.w.org\/{rel}","templated":true}]}}