{"id":1236,"date":"2020-12-20T11:38:26","date_gmt":"2020-12-20T10:38:26","guid":{"rendered":"https:\/\/vidaliferre.com\/botiga\/cava-semiseco\/"},"modified":"2023-08-10T17:10:56","modified_gmt":"2023-08-10T15:10:56","slug":"cava-blanc-de-noirs","status":"publish","type":"product","link":"https:\/\/vidaliferre.com\/es\/botiga\/cava-blanc-de-noirs\/","title":{"rendered":"CAVA BLANC DE NOIRS"},"content":{"rendered":"<p><strong>CAVA BLANC DE NOIRS<\/strong><br \/>\nEl Pinot Noir y el Xarel\u00b7lo en una justa proporci\u00f3n son la base del Cava Vidal i Ferr\u00e9. Despu\u00e9s de un largo reposo en el silencio de la bodega nos har\u00e0 sentir sus qualidades. El equilibrio entre su sensualidad y ternura le dan a este vino el encanto de una larga suavidad.<\/p>\n<p>Variedades: Pinot Noir y Xarel\u00b7lo..<br \/>\nGraduaci\u00f3n: 11,5% vol.<br \/>\nElaboraci\u00f3n y crianza:<\/p>\n","protected":false},"excerpt":{"rendered":"<p><strong>CAVA BLANC DE NOIRS<\/strong><br \/>\nEl Pinot Noir y el Xarel\u00b7lo en una justa proporci\u00f3n son la base del Cava Vidal i Ferr\u00e9. Despu\u00e9s de un largo reposo en el silencio de la bodega nos har\u00e0 sentir sus qualidades.<\/p>\n","protected":false},"featured_media":1302,"comment_status":"closed","ping_status":"closed","template":"","meta":[],"product_brand":[],"product_cat":[51],"product_tag":[],"class_list":{"0":"post-1236","1":"product","2":"type-product","3":"status-publish","4":"has-post-thumbnail","6":"product_cat-cavas","8":"first","9":"instock","10":"taxable","11":"shipping-taxable","12":"product-type-simple"},"_links":{"self":[{"href":"https:\/\/vidaliferre.com\/es\/wp-json\/wp\/v2\/product\/1236","targetHints":{"allow":["GET"]}}],"collection":[{"href":"https:\/\/vidaliferre.com\/es\/wp-json\/wp\/v2\/product"}],"about":[{"href":"https:\/\/vidaliferre.com\/es\/wp-json\/wp\/v2\/types\/product"}],"replies":[{"embeddable":true,"href":"https:\/\/vidaliferre.com\/es\/wp-json\/wp\/v2\/comments?post=1236"}],"wp:featuredmedia":[{"embeddable":true,"href":"https:\/\/vidaliferre.com\/es\/wp-json\/wp\/v2\/media\/1302"}],"wp:attachment":[{"href":"https:\/\/vidaliferre.com\/es\/wp-json\/wp\/v2\/media?parent=1236"}],"wp:term":[{"taxonomy":"product_brand","embeddable":true,"href":"https:\/\/vidaliferre.com\/es\/wp-json\/wp\/v2\/product_brand?post=1236"},{"taxonomy":"product_cat","embeddable":true,"href":"https:\/\/vidaliferre.com\/es\/wp-json\/wp\/v2\/product_cat?post=1236"},{"taxonomy":"product_tag","embeddable":true,"href":"https:\/\/vidaliferre.com\/es\/wp-json\/wp\/v2\/product_tag?post=1236"}],"curies":[{"name":"wp","href":"https:\/\/api.w.org\/{rel}","templated":true}]}}