{"id":986,"date":"2020-12-19T15:18:14","date_gmt":"2020-12-19T14:18:14","guid":{"rendered":"https:\/\/vidaliferre.com\/?page_id=986"},"modified":"2023-08-10T17:51:00","modified_gmt":"2023-08-10T15:51:00","slug":"cava-rosado-brut-reserva","status":"publish","type":"page","link":"https:\/\/vidaliferre.com\/es\/productos\/cava-rosado-brut-reserva\/","title":{"rendered":"CAVA ROSADO BRUT RESERVA"},"content":{"rendered":"<section class=\"wpb-content-wrapper\"><p>[vc_row][vc_column width=\u00bb1\/4&#8243;][vc_single_image image=\u00bb1310&#8243; img_size=\u00bblarge\u00bb style=\u00bbvc_box_rounded\u00bb][\/vc_column][vc_column width=\u00bb1\/2&#8243;][vc_column_text]<strong>CAVA ROSADO BRUT RESERVA<\/strong><br \/>\nCava rosado monovarietal de Pinot Noir. La combinaci\u00f3n de las propias caracter\u00edsticas de la variedad junto a una lenta fermentaci\u00f3n a baja temperatura y una larga crianza en la oscuridad de nuestras bodegas proporciona un cava diferente, fresco, afrutado, elegante, con finos rosarios.<\/p>\n<p>Varietades: Pinot Noir 100%.<br \/>\nGraduaci\u00f3n: 11,5% vol.<br \/>\nElaboraci\u00f3n y crianza: segunda fermentaci\u00f3n en botella a una temperatura de 16\u00baC. Crianza un m\u00ednimo de 15 meses. Movido manual en pupitres.<br \/>\nCata: de color grosella brillante con rosarios de finas burbujas. Aroma intenso y complejo a frutos rojos. En boca se aprecian los frutos rojos com los ar\u00e1ndanos y las moras. Es fresco, fino, elegante con un carb\u00f3nico bien integrado.<br \/>\nTemperatura de servicio: entre 6 &#8211; 7\u00baC.[\/vc_column_text][\/vc_column][vc_column width=\u00bb1\/4&#8243;][\/vc_column][\/vc_row]<\/p>\n<\/section>","protected":false},"excerpt":{"rendered":"<p>[vc_row][vc_column width=\u00bb1\/4&#8243;][vc_single_image image=\u00bb1310&#8243; img_size=\u00bblarge\u00bb style=\u00bbvc_box_rounded\u00bb][\/vc_column][vc_column width=\u00bb1\/2&#8243;][vc_column_text]CAVA ROSADO BRUT RESERVA<br \/>\nCava rosado monovarietal de Pinot Noir. La combinaci\u00f3n de las propias caracter\u00edsticas de la variedad junto a una lenta fermentaci\u00f3n a baja temperatura y una larga crianza en la oscuridad de nuestras bodegas proporciona un cava diferente, fresco, afrutado, elegante, con finos rosarios.<\/p>\n<p>Varietades: Pinot Noir 100%.<br \/>\nGraduaci\u00f3n: 11,5% vol.<br \/>\nElaboraci\u00f3n y crianza: segunda fermentaci\u00f3n en botella a una temperatura de 16\u00baC. Crianza un m\u00ednimo de 15 meses. Movido manual en pupitres.<br \/>\nCata: de color grosella [&#8230;]<\/p>\n","protected":false},"author":1,"featured_media":0,"parent":973,"menu_order":4,"comment_status":"closed","ping_status":"open","template":"","meta":{"footnotes":""},"class_list":["post-986","page","type-page","status-publish","hentry"],"_links":{"self":[{"href":"https:\/\/vidaliferre.com\/es\/wp-json\/wp\/v2\/pages\/986","targetHints":{"allow":["GET"]}}],"collection":[{"href":"https:\/\/vidaliferre.com\/es\/wp-json\/wp\/v2\/pages"}],"about":[{"href":"https:\/\/vidaliferre.com\/es\/wp-json\/wp\/v2\/types\/page"}],"author":[{"embeddable":true,"href":"https:\/\/vidaliferre.com\/es\/wp-json\/wp\/v2\/users\/1"}],"replies":[{"embeddable":true,"href":"https:\/\/vidaliferre.com\/es\/wp-json\/wp\/v2\/comments?post=986"}],"version-history":[{"count":4,"href":"https:\/\/vidaliferre.com\/es\/wp-json\/wp\/v2\/pages\/986\/revisions"}],"predecessor-version":[{"id":1317,"href":"https:\/\/vidaliferre.com\/es\/wp-json\/wp\/v2\/pages\/986\/revisions\/1317"}],"up":[{"embeddable":true,"href":"https:\/\/vidaliferre.com\/es\/wp-json\/wp\/v2\/pages\/973"}],"wp:attachment":[{"href":"https:\/\/vidaliferre.com\/es\/wp-json\/wp\/v2\/media?parent=986"}],"curies":[{"name":"wp","href":"https:\/\/api.w.org\/{rel}","templated":true}]}}