{"id":982,"date":"2020-12-19T15:15:51","date_gmt":"2020-12-19T14:15:51","guid":{"rendered":"https:\/\/vidaliferre.com\/?page_id=982"},"modified":"2020-12-19T22:23:06","modified_gmt":"2020-12-19T21:23:06","slug":"cava-brut-nature-reserva","status":"publish","type":"page","link":"https:\/\/vidaliferre.com\/es\/productos\/cava-brut-nature-reserva\/","title":{"rendered":"CAVA BRUT NATURE RESERVA"},"content":{"rendered":"<section class=\"wpb-content-wrapper\"><p>[vc_row][vc_column width=\u00bb1\/4&#8243;][vc_single_image image=\u00bb1074&#8243; img_size=\u00bblarge\u00bb style=\u00bbvc_box_rounded\u00bb][\/vc_column][vc_column width=\u00bb1\/2&#8243;][vc_column_text]<strong>CAVA BRUT NATURE RESERVA<\/strong><br \/>\nPara llegar a la plenitud, para despertar la pasi\u00f3n, ha hecho falta mucho tiempo de maduraci\u00f3n en el silencio y oscuridad de las bodegas. El color ligeramente m\u00e1s dorado, los aromas armoniosos y complejos de flores y frutas maduras, el gusto estructurado y conservando un ligero frescor, dan al Brut Nature Vidal i Ferr\u00e9 una extraordinaria originalidad.<\/p>\n<p>Variedades: Macabeu, Xarel\u00b7lo y Parellada.<br \/>\nGraduaci\u00f3n: 11,5% vol.<br \/>\nElaboraci\u00f3n y crianza: segunda fermentaci\u00f3n en botella a una temperatura de 16\u00baC. Crianza de m\u00ednimo 15 meses. Clarificaci\u00f3n manual en pupitres.<br \/>\nCata: de color paja brillante con finas burbujas. Aroma intenso a fruta fresca, fina y floral. En boca se aprecia la fruta; en olfato es fresco, complejo y conserva una buena acidez.<br \/>\nTemperatura de servicio: entre 6 &#8211; 7\u00baC.[\/vc_column_text][\/vc_column][vc_column width=\u00bb1\/4&#8243;][\/vc_column][\/vc_row]<\/p>\n<\/section>","protected":false},"excerpt":{"rendered":"<p>[vc_row][vc_column width=\u00bb1\/4&#8243;][vc_single_image image=\u00bb1074&#8243; img_size=\u00bblarge\u00bb style=\u00bbvc_box_rounded\u00bb][\/vc_column][vc_column width=\u00bb1\/2&#8243;][vc_column_text]CAVA BRUT NATURE RESERVA<br \/>\nPara llegar a la plenitud, para despertar la pasi\u00f3n, ha hecho falta mucho tiempo de maduraci\u00f3n en el silencio y oscuridad de las bodegas. El color ligeramente m\u00e1s dorado, los aromas armoniosos y complejos de flores y frutas maduras, el gusto estructurado y conservando un ligero frescor, dan al Brut Nature Vidal i Ferr\u00e9 una extraordinaria originalidad.<\/p>\n<p>Variedades: Macabeu, Xarel\u00b7lo y Parellada.<br \/>\nGraduaci\u00f3n: 11,5% vol.<br \/>\nElaboraci\u00f3n y crianza: segunda fermentaci\u00f3n en botella a una temperatura [&#8230;]<\/p>\n","protected":false},"author":1,"featured_media":0,"parent":973,"menu_order":3,"comment_status":"closed","ping_status":"open","template":"","meta":{"footnotes":""},"class_list":["post-982","page","type-page","status-publish","hentry"],"_links":{"self":[{"href":"https:\/\/vidaliferre.com\/es\/wp-json\/wp\/v2\/pages\/982","targetHints":{"allow":["GET"]}}],"collection":[{"href":"https:\/\/vidaliferre.com\/es\/wp-json\/wp\/v2\/pages"}],"about":[{"href":"https:\/\/vidaliferre.com\/es\/wp-json\/wp\/v2\/types\/page"}],"author":[{"embeddable":true,"href":"https:\/\/vidaliferre.com\/es\/wp-json\/wp\/v2\/users\/1"}],"replies":[{"embeddable":true,"href":"https:\/\/vidaliferre.com\/es\/wp-json\/wp\/v2\/comments?post=982"}],"version-history":[{"count":3,"href":"https:\/\/vidaliferre.com\/es\/wp-json\/wp\/v2\/pages\/982\/revisions"}],"predecessor-version":[{"id":1168,"href":"https:\/\/vidaliferre.com\/es\/wp-json\/wp\/v2\/pages\/982\/revisions\/1168"}],"up":[{"embeddable":true,"href":"https:\/\/vidaliferre.com\/es\/wp-json\/wp\/v2\/pages\/973"}],"wp:attachment":[{"href":"https:\/\/vidaliferre.com\/es\/wp-json\/wp\/v2\/media?parent=982"}],"curies":[{"name":"wp","href":"https:\/\/api.w.org\/{rel}","templated":true}]}}