{"id":979,"date":"2020-12-19T15:12:43","date_gmt":"2020-12-19T14:12:43","guid":{"rendered":"https:\/\/vidaliferre.com\/?page_id=979"},"modified":"2020-12-19T22:22:41","modified_gmt":"2020-12-19T21:22:41","slug":"cava-brut-reserva","status":"publish","type":"page","link":"https:\/\/vidaliferre.com\/es\/productos\/cava-brut-reserva\/","title":{"rendered":"CAVA BRUT RESERVA"},"content":{"rendered":"<section class=\"wpb-content-wrapper\"><p>[vc_row][vc_column width=\u00bb1\/4&#8243;][vc_single_image image=\u00bb1071&#8243; img_size=\u00bblarge\u00bb style=\u00bbvc_box_rounded\u00bb][\/vc_column][vc_column width=\u00bb1\/2&#8243;][vc_column_text]<strong>CAVA BRUT RESERVA<\/strong><br \/>\nEl Brut \u201cVidal i Ferr\u00e9\u201d tiene el estilo de nuestros cavas. Su color es oro-verde brillante. Su estructura es de aut\u00e9ntico cava donde se asocia finura y frescura. El equilibrio en la degustaci\u00f3n entre su esp\u00edritu joven y impertinente con notas florales, las finas y ligeras burbujas y su cuerpo ancho con un sabor vivo, nos hace abrir los sentidos en la b\u00fasqueda de la perfecci\u00f3n en el placer.<\/p>\n<p>Variedades: Macabeu, Xarel\u00b7lo y Parellada.<br \/>\nGraduaci\u00f3n: 11,5% vol.<br \/>\nElaboraci\u00f3n y crianza: segunda fermentaci\u00f3n en botella a una temperatura de 16\u00baC. Crianza de m\u00ednimo 15 meses. Clarificaci\u00f3n manual en pupitres.<br \/>\nCata: de color oro-verde brillante con finas burbujas. Aroma franca, floral y fina. En boca se expresa fruta fresca. Es fresco, saboroso, estructurado y conserva una buena acidez.<br \/>\nTemperatura de servicio: entre 6 &#8211; 7\u00baC.[\/vc_column_text][\/vc_column][vc_column width=\u00bb1\/4&#8243;][\/vc_column][\/vc_row]<\/p>\n<\/section>","protected":false},"excerpt":{"rendered":"<p>[vc_row][vc_column width=\u00bb1\/4&#8243;][vc_single_image image=\u00bb1071&#8243; img_size=\u00bblarge\u00bb style=\u00bbvc_box_rounded\u00bb][\/vc_column][vc_column width=\u00bb1\/2&#8243;][vc_column_text]CAVA BRUT RESERVA<br \/>\nEl Brut \u201cVidal i Ferr\u00e9\u201d tiene el estilo de nuestros cavas. Su color es oro-verde brillante. Su estructura es de aut\u00e9ntico cava donde se asocia finura y frescura. El equilibrio en la degustaci\u00f3n entre su esp\u00edritu joven y impertinente con notas florales, las finas y ligeras burbujas y su cuerpo ancho con un sabor vivo, nos hace abrir los sentidos en la b\u00fasqueda de la perfecci\u00f3n en el placer.<\/p>\n<p>Variedades: Macabeu, Xarel\u00b7lo y Parellada.<br \/>\nGraduaci\u00f3n: [&#8230;]<\/p>\n","protected":false},"author":1,"featured_media":0,"parent":973,"menu_order":2,"comment_status":"closed","ping_status":"open","template":"","meta":{"footnotes":""},"class_list":["post-979","page","type-page","status-publish","hentry"],"_links":{"self":[{"href":"https:\/\/vidaliferre.com\/es\/wp-json\/wp\/v2\/pages\/979","targetHints":{"allow":["GET"]}}],"collection":[{"href":"https:\/\/vidaliferre.com\/es\/wp-json\/wp\/v2\/pages"}],"about":[{"href":"https:\/\/vidaliferre.com\/es\/wp-json\/wp\/v2\/types\/page"}],"author":[{"embeddable":true,"href":"https:\/\/vidaliferre.com\/es\/wp-json\/wp\/v2\/users\/1"}],"replies":[{"embeddable":true,"href":"https:\/\/vidaliferre.com\/es\/wp-json\/wp\/v2\/comments?post=979"}],"version-history":[{"count":3,"href":"https:\/\/vidaliferre.com\/es\/wp-json\/wp\/v2\/pages\/979\/revisions"}],"predecessor-version":[{"id":1167,"href":"https:\/\/vidaliferre.com\/es\/wp-json\/wp\/v2\/pages\/979\/revisions\/1167"}],"up":[{"embeddable":true,"href":"https:\/\/vidaliferre.com\/es\/wp-json\/wp\/v2\/pages\/973"}],"wp:attachment":[{"href":"https:\/\/vidaliferre.com\/es\/wp-json\/wp\/v2\/media?parent=979"}],"curies":[{"name":"wp","href":"https:\/\/api.w.org\/{rel}","templated":true}]}}