{"id":976,"date":"2020-12-19T15:09:16","date_gmt":"2020-12-19T14:09:16","guid":{"rendered":"https:\/\/vidaliferre.com\/?page_id=976"},"modified":"2023-08-10T18:03:29","modified_gmt":"2023-08-10T16:03:29","slug":"cava-semiseco","status":"publish","type":"page","link":"https:\/\/vidaliferre.com\/es\/productos\/cava-semiseco\/","title":{"rendered":"CAVA BLANC DE NOIRS"},"content":{"rendered":"<section class=\"wpb-content-wrapper\"><p>[vc_row][vc_column width=\u00bb1\/4&#8243;][vc_single_image image=\u00bb1313&#8243; img_size=\u00bblarge\u00bb style=\u00bbvc_box_rounded\u00bb][\/vc_column][vc_column width=\u00bb1\/2&#8243;][vc_column_text]<strong>CAVA BLANC DE NOIRS<\/strong><br \/>\nEl Pinot Noir y el Xarel\u00b7lo en una justa proporci\u00f3n son la base del Cava Vidal i Ferr\u00e9. Despu\u00e9s de un largo reposo en el silencio de la bodega nos har\u00e0 sentir sus qualidades. El equilibrio entre su sensualidad y ternura le dan a este vino el encanto de una larga suavidad.<\/p>\n<p>Variedades: Pinot Noir y Xarel\u00b7lo.<br \/>\nGraduaci\u00f3n: 11,5% vol.<br \/>\nElaboraci\u00f3n y crianza:[\/vc_column_text][\/vc_column][vc_column width=\u00bb1\/4&#8243;][\/vc_column][\/vc_row]<\/p>\n<\/section>","protected":false},"excerpt":{"rendered":"<p>[vc_row][vc_column width=\u00bb1\/4&#8243;][vc_single_image image=\u00bb1313&#8243; img_size=\u00bblarge\u00bb style=\u00bbvc_box_rounded\u00bb][\/vc_column][vc_column width=\u00bb1\/2&#8243;][vc_column_text]CAVA BLANC DE NOIRS<br \/>\nEl Pinot Noir y el Xarel\u00b7lo en una justa proporci\u00f3n son la base del Cava Vidal i Ferr\u00e9. Despu\u00e9s de un largo reposo en el silencio de la bodega nos har\u00e0 sentir sus qualidades. El equilibrio entre su sensualidad y ternura le dan a este vino el encanto de una larga suavidad.<\/p>\n<p>Variedades: Pinot Noir y Xarel\u00b7lo.<br \/>\nGraduaci\u00f3n: 11,5% vol.<br \/>\nElaboraci\u00f3n y crianza:[\/vc_column_text][\/vc_column][vc_column width=\u00bb1\/4&#8243;][\/vc_column][\/vc_row]<\/p>\n","protected":false},"author":1,"featured_media":0,"parent":973,"menu_order":1,"comment_status":"closed","ping_status":"open","template":"","meta":{"footnotes":""},"class_list":["post-976","page","type-page","status-publish","hentry"],"_links":{"self":[{"href":"https:\/\/vidaliferre.com\/es\/wp-json\/wp\/v2\/pages\/976","targetHints":{"allow":["GET"]}}],"collection":[{"href":"https:\/\/vidaliferre.com\/es\/wp-json\/wp\/v2\/pages"}],"about":[{"href":"https:\/\/vidaliferre.com\/es\/wp-json\/wp\/v2\/types\/page"}],"author":[{"embeddable":true,"href":"https:\/\/vidaliferre.com\/es\/wp-json\/wp\/v2\/users\/1"}],"replies":[{"embeddable":true,"href":"https:\/\/vidaliferre.com\/es\/wp-json\/wp\/v2\/comments?post=976"}],"version-history":[{"count":6,"href":"https:\/\/vidaliferre.com\/es\/wp-json\/wp\/v2\/pages\/976\/revisions"}],"predecessor-version":[{"id":1322,"href":"https:\/\/vidaliferre.com\/es\/wp-json\/wp\/v2\/pages\/976\/revisions\/1322"}],"up":[{"embeddable":true,"href":"https:\/\/vidaliferre.com\/es\/wp-json\/wp\/v2\/pages\/973"}],"wp:attachment":[{"href":"https:\/\/vidaliferre.com\/es\/wp-json\/wp\/v2\/media?parent=976"}],"curies":[{"name":"wp","href":"https:\/\/api.w.org\/{rel}","templated":true}]}}