{"id":967,"date":"2020-12-19T15:00:32","date_gmt":"2020-12-19T14:00:32","guid":{"rendered":"https:\/\/vidaliferre.com\/?page_id=967"},"modified":"2020-12-19T21:41:09","modified_gmt":"2020-12-19T20:41:09","slug":"la-bodega-y-su-entorno","status":"publish","type":"page","link":"https:\/\/vidaliferre.com\/es\/la-bodega-y-su-entorno\/","title":{"rendered":"LA BODEGA Y SU ENTORNO"},"content":{"rendered":"<section class=\"wpb-content-wrapper\"><p>[vc_row][vc_column width=\u00bb1\/4&#8243;][\/vc_column][vc_column width=\u00bb1\/2&#8243;][vc_single_image image=\u00bb1050&#8243; img_size=\u00bblarge\u00bb alignment=\u00bbcenter\u00bb style=\u00bbvc_box_rounded\u00bb][vc_column_text]<strong>LA BODEGA Y SU ENTORNO<\/strong><br \/>\nLa bodega de Vidal i Ferr\u00e9 se encuentra ubicada en el peque\u00f1o pueblo de Les Pobles, perteneciente al municipio de Aiguam\u00farcia, en el Alt Camp. Est\u00e1 situado en el centro de la parte occidental del t\u00e9rmino municipal, en la carretera comarcal que une Santes Creus y Pontons, junto al torrente de Bruell, afluente del rio Gai\u00e0.<\/p>\n<p>Hist\u00f3ricamente, las tierras de Les Pobles pertenecieron al monasterio de Santes Creus, con quien comparte fiesta en honor a Santa Ll\u00facia, el 13 de diciembre, que se complementa con las fiestas del primer domingo de mayo que se deben a una promesa de la Verge del Roser y de pan bendecido el segundo domingo de mayo si acababa la epidemia, y desde entonces se mantiene.<br \/>\n[\/vc_column_text][vc_row_inner][vc_column_inner width=\u00bb1\/3&#8243;][vc_single_image image=\u00bb1055&#8243; img_size=\u00bblarge\u00bb style=\u00bbvc_box_rounded\u00bb][\/vc_column_inner][vc_column_inner width=\u00bb1\/3&#8243;][vc_single_image image=\u00bb1059&#8243; img_size=\u00bblarge\u00bb style=\u00bbvc_box_rounded\u00bb][\/vc_column_inner][vc_column_inner width=\u00bb1\/3&#8243;][vc_single_image image=\u00bb1062&#8243; img_size=\u00bblarge\u00bb style=\u00bbvc_box_rounded\u00bb][\/vc_column_inner][\/vc_row_inner][\/vc_column][vc_column width=\u00bb1\/4&#8243;][\/vc_column][\/vc_row]<\/p>\n<\/section>","protected":false},"excerpt":{"rendered":"<p>[vc_row][vc_column width=\u00bb1\/4&#8243;][\/vc_column][vc_column width=\u00bb1\/2&#8243;][vc_single_image image=\u00bb1050&#8243; img_size=\u00bblarge\u00bb alignment=\u00bbcenter\u00bb style=\u00bbvc_box_rounded\u00bb][vc_column_text]LA BODEGA Y SU ENTORNO<br \/>\nLa bodega de Vidal i Ferr\u00e9 se encuentra ubicada en el peque\u00f1o pueblo de Les Pobles, perteneciente al municipio de Aiguam\u00farcia, en el Alt Camp. Est\u00e1 situado en el centro de la parte occidental del t\u00e9rmino municipal, en la carretera comarcal que une Santes Creus y Pontons, junto al torrente de Bruell, afluente del rio Gai\u00e0.<\/p>\n<p>Hist\u00f3ricamente, las tierras de Les Pobles pertenecieron al monasterio de Santes Creus, con quien comparte [&#8230;]<\/p>\n","protected":false},"author":1,"featured_media":0,"parent":0,"menu_order":2,"comment_status":"closed","ping_status":"closed","template":"","meta":{"footnotes":""},"class_list":["post-967","page","type-page","status-publish","hentry"],"_links":{"self":[{"href":"https:\/\/vidaliferre.com\/es\/wp-json\/wp\/v2\/pages\/967","targetHints":{"allow":["GET"]}}],"collection":[{"href":"https:\/\/vidaliferre.com\/es\/wp-json\/wp\/v2\/pages"}],"about":[{"href":"https:\/\/vidaliferre.com\/es\/wp-json\/wp\/v2\/types\/page"}],"author":[{"embeddable":true,"href":"https:\/\/vidaliferre.com\/es\/wp-json\/wp\/v2\/users\/1"}],"replies":[{"embeddable":true,"href":"https:\/\/vidaliferre.com\/es\/wp-json\/wp\/v2\/comments?post=967"}],"version-history":[{"count":3,"href":"https:\/\/vidaliferre.com\/es\/wp-json\/wp\/v2\/pages\/967\/revisions"}],"predecessor-version":[{"id":1159,"href":"https:\/\/vidaliferre.com\/es\/wp-json\/wp\/v2\/pages\/967\/revisions\/1159"}],"wp:attachment":[{"href":"https:\/\/vidaliferre.com\/es\/wp-json\/wp\/v2\/media?parent=967"}],"curies":[{"name":"wp","href":"https:\/\/api.w.org\/{rel}","templated":true}]}}