{"id":961,"date":"2020-12-19T14:52:28","date_gmt":"2020-12-19T13:52:28","guid":{"rendered":"https:\/\/vidaliferre.com\/?page_id=961"},"modified":"2020-12-19T21:17:34","modified_gmt":"2020-12-19T20:17:34","slug":"vidal-i-ferre","status":"publish","type":"page","link":"https:\/\/vidaliferre.com\/es\/vidal-i-ferre\/","title":{"rendered":"VIDAL I FERR\u00c9"},"content":{"rendered":"<section class=\"wpb-content-wrapper\"><p>[vc_row][vc_column width=\u00bb1\/4&#8243;][\/vc_column][vc_column width=\u00bb1\/2&#8243;][vc_single_image image=\u00bb1044&#8243; img_size=\u00bblarge\u00bb style=\u00bbvc_box_rounded\u00bb][vc_column_text]<strong>BODEGAS VIDAL I FERR\u00c9<\/strong><br \/>\nLas bodegas Vidal i Ferr\u00e9 fueron fundadas, el a\u00f1o 1991, por el actual propietario, Ramon Vidal, que juntamente con su familia, decidieron poner en marcha una ilusi\u00f3n madurada durante a\u00f1os.<\/p>\n<p><strong>LA EXCELENCIA DEL CAVA ARTESANAL<\/strong><br \/>\nEn estas peque\u00f1as bodegas familiares, nace un excelente cava artesanal. Poniendo el mismo cuidado en todas las variedades, elaboradas sin prisas, con unas bases de buena cualidad, mucha dedicaci\u00f3n y ganas de hacer las cosas bien hechas. Mediante un proceso artesanal, que suponga un largo reposo en el silencio de las bodegas, y en el cual se combina la utilizaci\u00f3n de uva (Macabeu, Xarel\u00b7lo y Parellada), se elabora un cava extraordinario. Una de las razones de la excelencia de este cava radica en la antigua tradici\u00f3n de los monges cistercences, introductores de las vi\u00f1as en Les Pobles, y a su vinculaci\u00f3n con los hermanos franceses i los templarios de la regi\u00f3n de la Champagne.<\/p>\n<p><strong>UNAS VI\u00d1AS PRIVILEGIADAS, UN VINO EXQUISITO<\/strong><br \/>\nSituadas en un entorno privilegiado, entre el monasterio de Santes Creus y la monta\u00f1a de Montagut, las vi\u00f1as de Les Pobles crecen en tierras altas muy aptas para producir nuestros cavas selectos. Las bodegas Vidal i Ferr\u00e9 las encontrar\u00e9is en el peque\u00f1o pueblo de <a href=\"https:\/\/www.google.es\/maps\/place\/VINS+I+CAVES+VIDAL+I+FERR%C3%89\/@41.3622464,1.4038598,18z\/data=!4m2!3m1!1s0x0:0x276de9a21a2ae0cb\" target=\"_blank\" rel=\"noopener\">Les Pobles<\/a>, en la comarca del Alt Camp, a s\u00f3lo 5km del Monasterio de Santes Creus.[\/vc_column_text][\/vc_column][vc_column width=\u00bb1\/4&#8243;][vc_message message_box_style=\u00bbsolid\u00bb message_box_color=\u00bbmulled_wine\u00bb icon_fontawesome=\u00bbfa fa-info-circle\u00bb]<strong>VISITADNOS!<\/strong><br \/>\nHORARIOS<br \/>\n\u2022 S\u00e1bado, de 10 a 13h<br \/>\n\u2022 Domingo y festivos, de 10 a 14h<br \/>\nOtros d\u00edas y\/o horarios contactad con nosotros.[\/vc_message][\/vc_column][\/vc_row]<\/p>\n<\/section>","protected":false},"excerpt":{"rendered":"<p>[vc_row][vc_column width=\u00bb1\/4&#8243;][\/vc_column][vc_column width=\u00bb1\/2&#8243;][vc_single_image image=\u00bb1044&#8243; img_size=\u00bblarge\u00bb style=\u00bbvc_box_rounded\u00bb][vc_column_text]BODEGAS VIDAL I FERR\u00c9<br \/>\nLas bodegas Vidal i Ferr\u00e9 fueron fundadas, el a\u00f1o 1991, por el actual propietario, Ramon Vidal, que juntamente con su familia, decidieron poner en marcha una ilusi\u00f3n madurada durante a\u00f1os.<\/p>\n<p>LA EXCELENCIA DEL CAVA ARTESANAL<br \/>\nEn estas peque\u00f1as bodegas familiares, nace un excelente cava artesanal. Poniendo el mismo cuidado en todas las variedades, elaboradas sin prisas, con unas bases de buena cualidad, mucha dedicaci\u00f3n y ganas de hacer las cosas bien hechas. Mediante un [&#8230;]<\/p>\n","protected":false},"author":1,"featured_media":0,"parent":0,"menu_order":1,"comment_status":"closed","ping_status":"closed","template":"","meta":{"footnotes":""},"class_list":["post-961","page","type-page","status-publish","hentry"],"_links":{"self":[{"href":"https:\/\/vidaliferre.com\/es\/wp-json\/wp\/v2\/pages\/961","targetHints":{"allow":["GET"]}}],"collection":[{"href":"https:\/\/vidaliferre.com\/es\/wp-json\/wp\/v2\/pages"}],"about":[{"href":"https:\/\/vidaliferre.com\/es\/wp-json\/wp\/v2\/types\/page"}],"author":[{"embeddable":true,"href":"https:\/\/vidaliferre.com\/es\/wp-json\/wp\/v2\/users\/1"}],"replies":[{"embeddable":true,"href":"https:\/\/vidaliferre.com\/es\/wp-json\/wp\/v2\/comments?post=961"}],"version-history":[{"count":3,"href":"https:\/\/vidaliferre.com\/es\/wp-json\/wp\/v2\/pages\/961\/revisions"}],"predecessor-version":[{"id":1156,"href":"https:\/\/vidaliferre.com\/es\/wp-json\/wp\/v2\/pages\/961\/revisions\/1156"}],"wp:attachment":[{"href":"https:\/\/vidaliferre.com\/es\/wp-json\/wp\/v2\/media?parent=961"}],"curies":[{"name":"wp","href":"https:\/\/api.w.org\/{rel}","templated":true}]}}