{"id":1176,"date":"2020-12-19T22:42:45","date_gmt":"2020-12-19T21:42:45","guid":{"rendered":"https:\/\/vidaliferre.com\/?page_id=1176"},"modified":"2020-12-19T22:42:45","modified_gmt":"2020-12-19T21:42:45","slug":"legal-note","status":"publish","type":"page","link":"https:\/\/vidaliferre.com\/en\/legal-note\/","title":{"rendered":"LEGAL NOTE"},"content":{"rendered":"<p><strong>&#8211; Drets de Propietat intel.lectual i industrial:<\/strong><br \/>\nTots els continguts de www.vidaliferre.com (textos, gr\u00e0fics, fotografies, logotips, icones, imatges, sons, disseny gr\u00e0fic, programari o qualsevol altre) s\u00f3n de l\u2019exclusiva propietat de Vidal i Ferr\u00e9, estant subjectes a drets de propietat intel\u00b7lectual i industrial protegits per la legislaci\u00f3 nacional i internacional. Per tant, est\u00e0 prohibida la reproducci\u00f3, utilitzaci\u00f3, modificaci\u00f3, distribuci\u00f3, manipulaci\u00f3, aix\u00ed com qualsevol \u00fas que excedeixi d\u2019una utilitzaci\u00f3 normal i necess\u00e0ria per veure la referida p\u00e0gina web.<\/p>\n<p><strong>&#8211; Protecci\u00f3 de dades de car\u00e0cter personal:<\/strong><br \/>\nVidal i Ferr\u00e9\u00a0informa que les dades introdu\u00efdes a www.vidaliferre.com de forma volunt\u00e0ria s\u2019incorporaran a un fitxer (que podr\u00e0 ser automatitzat) de la seva responsabilitat, als \u00fanics efectes de poder informar per qualsevol mitj\u00e0 (inclosos electr\u00f2nics), sobre productes, promocions i serveis, aix\u00ed com per a l\u2019\u00fas intern de les mateixes o l\u2019enviament de comunicacions referents als aspectes anteriors o aquells per als quals s\u2019han inserit les dades. Es podran exercir els drets d\u2019acc\u00e9s, rectificaci\u00f3, cancel\u00b7laci\u00f3 i oposici\u00f3 per escrit a vidaliferre@vidaliferre.com<\/p>\n<p>&nbsp;<\/p>\n<p>&#8212;&#8212;<\/p>\n<p>&nbsp;<\/p>\n<div>\n<p><strong>&#8211; Derechos de propiedad intelectual e industrial:<\/strong><br \/>\nTodos los contenidos de www.vidaliferre.com (textos, gr\u00e1ficos, fotograf\u00edas, logotipos, iconos, im\u00e1genes, sonidos, dise\u00f1o gr\u00e1fico, software o cualquier otro) son de la exclusiva propiedad de Vidal i Ferr\u00e9, estando sujetos a derechos de propiedad intelectual e industrial protegidos por la legislaci\u00f3n nacional e internacional. Por tanto, est\u00e1 prohibida la reproducci\u00f3n, utilizaci\u00f3n, modificaci\u00f3n, distribuci\u00f3n, manipulaci\u00f3n, as\u00ed como cualquier uso que exceda de una utilizaci\u00f3n normal y necesaria para ver la referida p\u00e1gina web.<\/p>\n<p><strong>&#8211; Protecci\u00f3n de Datos de Car\u00e1cter Personal:<\/strong><br \/>\nVidal i Ferr\u00e9 informa de que los datos introducidos en\u00a0www.vidaliferre.com de forma voluntaria se incorporar\u00e1n a un fichero (que podr\u00e1 ser automatizado) de su responsabilidad, a los \u00fanicos efectos de poder informar por cualquier medio (inclusive electr\u00f3nicos), sobre productos, promociones y servicios, as\u00ed como para el uso interno de las mismas o el env\u00edo de comunicaciones referentes a los aspectos anteriores o a aquellos para los que se han insertado dichos datos. Se podr\u00e1n ejercer los derechos de acceso, rectificaci\u00f3n, cancelaci\u00f3n y oposici\u00f3n por escrito a vidaliferre@vidaliferre.com<\/p>\n<p>&nbsp;<\/p>\n<p>&#8212;&#8212;<\/p>\n<p>&nbsp;<\/p>\n<p><strong>&#8211; Intellectual property rights:<\/strong><br \/>\nAll the contents of www.vidaliferre.com (texts, graphic elements, photographs, logos, icons, images, sounds, graphic design, software, or any other element) are the exclusive property of Vidal i Ferr\u00e9, and they are subject to intellectual property rights that are protected by Spanish and international legislation. Therefore, it is forbidden to reproduce, use, modify, distribute, manipulate, or use in any other way that exceeds a normal use that is necessary for viewing said website.<\/p>\n<p><strong>&#8211; Personal Data Protection:<\/strong><br \/>\nVidal i Ferr\u00e9 informs you that any data voluntarily entered on www.vidaliferre.com will be included in a file (which may be computer-processed) for which the company is responsible. It will be used to inform you by any means (including electronic means) about products, promotions and services, and for internal use by said entities or to send communications regarding the aforementioned aspects or for the purpose for which said data have been entered. You may exercise your rights of access, rectification, cancelation and opposition by writing to vidaliferre@vidaliferre.com<\/p>\n<\/div>\n","protected":false},"excerpt":{"rendered":"<p>&#8211; Drets de Propietat intel.lectual i industrial:<br \/>\nTots els continguts de www.vidaliferre.com (textos, gr\u00e0fics, fotografies, logotips, icones, imatges, sons, disseny gr\u00e0fic, programari o qualsevol altre) s\u00f3n de l\u2019exclusiva propietat de Vidal i Ferr\u00e9, estant subjectes a drets de propietat intel\u00b7lectual i industrial protegits per la legislaci\u00f3 nacional i internacional. Per tant, est\u00e0 prohibida la reproducci\u00f3, utilitzaci\u00f3, modificaci\u00f3, distribuci\u00f3, manipulaci\u00f3, aix\u00ed com qualsevol \u00fas que excedeixi d\u2019una utilitzaci\u00f3 normal i necess\u00e0ria per veure la referida p\u00e0gina web.<\/p>\n<p>&#8211; Protecci\u00f3 de dades de car\u00e0cter [&#8230;]<\/p>\n","protected":false},"author":1,"featured_media":0,"parent":0,"menu_order":8,"comment_status":"closed","ping_status":"closed","template":"","meta":{"footnotes":""},"class_list":["post-1176","page","type-page","status-publish","hentry"],"_links":{"self":[{"href":"https:\/\/vidaliferre.com\/en\/wp-json\/wp\/v2\/pages\/1176","targetHints":{"allow":["GET"]}}],"collection":[{"href":"https:\/\/vidaliferre.com\/en\/wp-json\/wp\/v2\/pages"}],"about":[{"href":"https:\/\/vidaliferre.com\/en\/wp-json\/wp\/v2\/types\/page"}],"author":[{"embeddable":true,"href":"https:\/\/vidaliferre.com\/en\/wp-json\/wp\/v2\/users\/1"}],"replies":[{"embeddable":true,"href":"https:\/\/vidaliferre.com\/en\/wp-json\/wp\/v2\/comments?post=1176"}],"version-history":[{"count":2,"href":"https:\/\/vidaliferre.com\/en\/wp-json\/wp\/v2\/pages\/1176\/revisions"}],"predecessor-version":[{"id":1178,"href":"https:\/\/vidaliferre.com\/en\/wp-json\/wp\/v2\/pages\/1176\/revisions\/1178"}],"wp:attachment":[{"href":"https:\/\/vidaliferre.com\/en\/wp-json\/wp\/v2\/media?parent=1176"}],"curies":[{"name":"wp","href":"https:\/\/api.w.org\/{rel}","templated":true}]}}